{"id":3,"date":"2024-06-19T01:07:54","date_gmt":"2024-06-19T01:07:54","guid":{"rendered":"https:\/\/web05.comentarium.com.br\/?page_id=3"},"modified":"2025-04-04T13:11:58","modified_gmt":"2025-04-04T16:11:58","slug":"politica-de-privacidad","status":"publish","type":"page","link":"https:\/\/minasmed.com.br\/es\/politica-de-privacidade\/","title":{"rendered":"Pol\u00edtica de privacidad"},"content":{"rendered":"<div data-elementor-type=\"wp-page\" data-elementor-id=\"3\" class=\"elementor elementor-3\" data-elementor-post-type=\"page\">\n\t\t\t\t<div class=\"elementor-element elementor-element-8796c4c e-flex e-con-boxed e-con e-parent\" data-id=\"8796c4c\" data-element_type=\"container\" data-e-type=\"container\">\n\t\t\t\t\t<div class=\"e-con-inner\">\n\t\t\t\t<div class=\"elementor-element elementor-element-1c18ecd elementor-widget elementor-widget-heading\" data-id=\"1c18ecd\" data-element_type=\"widget\" data-e-type=\"widget\" data-widget_type=\"heading.default\">\n\t\t\t\t<div class=\"elementor-widget-container\">\n\t\t\t\t\t<h1 class=\"elementor-heading-title elementor-size-default\">Pol\u00edtica de privacidad<\/h1>\t\t\t\t<\/div>\n\t\t\t\t<\/div>\n\t\t\t\t<div class=\"elementor-element elementor-element-2910d76 breadcrumbs elementor-widget elementor-widget-text-editor\" data-id=\"2910d76\" data-element_type=\"widget\" data-e-type=\"widget\" data-widget_type=\"text-editor.default\">\n\t\t\t\t<div class=\"elementor-widget-container\">\n\t\t\t\t\t\t\t\t\t<p><span style=\"color: #ffffff;\"><nav aria-label=\"pan rallado\" class=\"rank-math-breadcrumb\"><p><span class=\"last\">Inicio<\/span><\/p><\/nav><\/span><\/p>\t\t\t\t\t\t\t\t<\/div>\n\t\t\t\t<\/div>\n\t\t\t\t\t<\/div>\n\t\t\t\t<\/div>\n\t\t<div class=\"elementor-element elementor-element-3386720 e-flex e-con-boxed e-con e-parent\" data-id=\"3386720\" data-element_type=\"container\" data-e-type=\"container\">\n\t\t\t\t\t<div class=\"e-con-inner\">\n\t\t\t\t<div class=\"elementor-element elementor-element-35aaba3 elementor-widget elementor-widget-text-editor\" data-id=\"35aaba3\" data-element_type=\"widget\" data-e-type=\"widget\" data-widget_type=\"text-editor.default\">\n\t\t\t\t<div class=\"elementor-widget-container\">\n\t\t\t\t\t\t\t\t\t<h2><span style=\"color: #333333;\"><strong>Pol\u00edtica de privacidad<\/strong><\/span><\/h2><p>La presente Pol\u00edtica de Privacidad tiene por objeto regular el uso que usted hace de nuestros servicios en el sitio web.<\/p><p>Hemos actualizado nuestra pol\u00edtica de privacidad de acuerdo con la nueva Ley General de Protecci\u00f3n de Datos (LGPD). Recopilamos sus datos para ofrecerle una experiencia personalizada de forma segura.<\/p><h2><span style=\"color: #333333;\"><strong>\u00bfQu\u00e9 es la LGPD?<\/strong><\/span><\/h2><p>En 2018 se aprob\u00f3 la Ley General de Protecci\u00f3n de Datos, que garantiza m\u00e1s seguridad y transparencia en la recopilaci\u00f3n, almacenamiento e intercambio de datos personales.<\/p><p>Se trata de una ley que establece normas para el uso de los datos personales de los individuos por parte de entidades p\u00fablicas y privadas, garantiza los derechos de los interesados y establece una norma m\u00ednima para la recogida, el almacenamiento, el tratamiento y la puesta en com\u00fan de los datos personales de los individuos.<\/p><p>Las normas establecidas por la LGPD deben ser observadas por todos los sectores del mercado: bancos, hospitales, empresas, empresas de comercio electr\u00f3nico y sector p\u00fablico.<\/p><h2><strong><span style=\"color: #333333;\">\u00bfQu\u00e9 son los datos personales?<\/span><\/strong><\/h2><p>Es la informaci\u00f3n relativa a una persona viva, identificada o identificable. Los datos personales son tambi\u00e9n el conjunto de informaciones distintas que pueden conducir a la identificaci\u00f3n de una persona concreta.<\/p><h2><span style=\"color: #333333;\"><strong>\u00bfQu\u00e9 datos recogemos, c\u00f3mo los recogemos y c\u00f3mo los utilizamos?<\/strong><\/span><\/h2><p>WhatsApp y formularios: Cuando un usuario se pone en contacto con nosotros a trav\u00e9s de mensajes, como el correo electr\u00f3nico a trav\u00e9s del formulario de contacto y WhatsApp, recopilamos datos con el fin de identificar al usuario, as\u00ed como para cumplir con su solicitud. Estos datos pueden incluir, entre otros, el nombre, la direcci\u00f3n de correo electr\u00f3nico, el n\u00famero de tel\u00e9fono, la empresa, la direcci\u00f3n y el mensaje. Adem\u00e1s, recopilamos cualquier dato personal que el usuario facilite espont\u00e1neamente.<\/p><h2><span style=\"color: #333333;\"><strong>\u00bfC\u00f3mo protegemos sus datos?<\/strong><\/span><\/h2><p>Para garantizar la seguridad de su informaci\u00f3n personal, comunicamos nuestras directrices de privacidad y seguridad a los empleados y seguimos estrictamente las precauciones de privacidad dentro de la empresa.<\/p><p>Nos esforzamos por proteger su informaci\u00f3n personal y la que se nos conf\u00eda:<\/p><ul><li>Medidas f\u00edsicas, t\u00e9cnicas y organizativas para reducir el riesgo de p\u00e9rdida;<\/li><li>Uso indebido;<\/li><li>Acceso no autorizado;<\/li><li>Divulgaci\u00f3n y alteraci\u00f3n indebida de estos datos.<\/li><\/ul><h2><span style=\"color: #333333;\"><strong>\u00bfCon qui\u00e9n compartimos sus datos?<\/strong><\/span><\/h2><p>No es nuestra pr\u00e1ctica revelar informaci\u00f3n que pueda identificar al usuario y nunca compartimos estos datos personales con terceros. Estos datos son para uso interno exclusivo de la empresa para los fines expresados en el punto anterior.<\/p><p>Los datos s\u00f3lo podr\u00e1n compartirse con terceros en las siguientes situaciones:<\/p><p>Datos transferidos con fines comerciales a terceros proveedores de servicios que nos prestan servicios, como env\u00edo de correos electr\u00f3nicos, publicidad y marketing, control de la seguridad y el rendimiento y procesamiento de datos;<\/p><ul><li>Por decisi\u00f3n judicial o a petici\u00f3n de los organismos p\u00fablicos de inspecci\u00f3n;<\/li><li>Datos transferidos a organismos p\u00fablicos para cumplir la legislaci\u00f3n vigente;<\/li><\/ul><h2><span style=\"color: #333333;\"><strong>Seguridad de la informaci\u00f3n<\/strong><\/span><\/h2><p>Para garantizar la seguridad de su informaci\u00f3n personal, comunicamos nuestras directrices de privacidad y seguridad a nuestros empleados y seguimos estrictamente las medidas de precauci\u00f3n relativas a la privacidad dentro de la empresa.<\/p><p>Nos esforzamos por proteger su Informaci\u00f3n Personal, y la que se nos conf\u00eda, a trav\u00e9s de medidas f\u00edsicas, t\u00e9cnicas y organizativas para reducir los riesgos de p\u00e9rdida, uso indebido, acceso no autorizado, divulgaci\u00f3n y alteraci\u00f3n indebida de estos datos.<\/p><h2><span style=\"color: #333333;\"><strong>\u00bfCu\u00e1les son sus derechos? (Derechos de los propietarios)<\/strong><\/span><\/h2><p>Los interesados tienen ciertos derechos en relaci\u00f3n con sus datos personales y pueden ejercerlos poni\u00e9ndose en contacto con nosotros.<\/p><ul><li>Estos son los derechos de los propietarios:<\/li><li>Confirmaci\u00f3n de que se est\u00e1n tratando datos personales;<\/li><li>Acceso a los datos personales, en los t\u00e9rminos de la legislaci\u00f3n aplicable;<\/li><li>Portabilidad de los datos;<\/li><li>Supresi\u00f3n de los datos cuando se hayan tratado con el consentimiento del interesado o cuando sean innecesarios, excesivos o se hayan tratado incumpliendo la legislaci\u00f3n aplicable;<\/li><li>Solicitud de informaci\u00f3n sobre el uso compartido de datos;<\/li><li>Revocaci\u00f3n del consentimiento, en su caso.<\/li><li>Por razones de seguridad, s\u00f3lo podemos atender la solicitud si estamos seguros de la identidad del usuario. Por lo tanto, podemos solicitar datos o informaci\u00f3n adicionales para confirmar la identidad y autenticidad del interesado. Estos datos e informaci\u00f3n se proteger\u00e1n durante el periodo de almacenamiento y se eliminar\u00e1n cuando ya no sean \u00fatiles.<\/li><\/ul><h2><span style=\"color: #333333;\"><strong>Fin del tratamiento<\/strong><\/span><\/h2><p>Esta Pol\u00edtica de Privacidad se aplica a las circunstancias mencionadas anteriormente durante todo el periodo en el que almacenamos datos personales. Almacenamos y conservamos sus datos:<\/p><ol><li><strong>a)<\/strong> Durante el tiempo exigido por la ley;<br \/><strong>b)<\/strong> Hasta el final del tratamiento de los datos personales, como se menciona a continuaci\u00f3n;<br \/><strong>c)<\/strong> Durante el tiempo necesario para preservar el inter\u00e9s leg\u00edtimo.<\/li><\/ol><p>Por lo tanto, procesaremos sus datos, por ejemplo, durante los plazos de prescripci\u00f3n aplicables o durante el tiempo que sea necesario para cumplir una obligaci\u00f3n legal o reglamentaria.<\/p><p>El tratamiento de datos personales cesar\u00e1 en los siguientes casos:<\/p><ol><li><strong>a)<\/strong> Cuando se haya alcanzado la finalidad para la que se recogieron los datos personales, y\/o los datos personales recogidos ya no sean necesarios o pertinentes para la consecuci\u00f3n de dicha finalidad;<br \/><strong>b)<\/strong> Cuando el interesado solicite la supresi\u00f3n de sus datos;<br \/><strong>c)<\/strong> cuando exista una determinaci\u00f3n legal para ello.<\/li><\/ol><p>En el caso de que se ponga fin al tratamiento de los datos personales, con excepci\u00f3n de las hip\u00f3tesis establecidas por la legislaci\u00f3n aplicable o por la presente Pol\u00edtica de Privacidad, los datos personales ser\u00e1n suprimidos.<\/p><h2><span style=\"color: #333333;\"><strong>\u00bfCon qui\u00e9n puede ponerse en contacto si tiene alguna duda?<\/strong><\/span><\/h2><p>A continuaci\u00f3n encontrar\u00e1 los datos de contacto del Responsable de Protecci\u00f3n de Datos Personales (RPD), encargado de atender cualquier solicitud de los usuarios o de la Autoridad Nacional en relaci\u00f3n con los datos personales.<\/p><p>Para cualquier pregunta, solicitud o reclamaci\u00f3n relativa al tratamiento de datos personales, p\u00f3ngase en contacto con nosotros y solicite la direcci\u00f3n de correo electr\u00f3nico de nuestro responsable de datos personales.<\/p><p>Si, a pesar de nuestro compromiso y nuestros esfuerzos por proteger sus datos, considera que no se han respetado sus derechos en materia de protecci\u00f3n de datos, p\u00f3ngase en contacto con nuestro RPD. Adem\u00e1s, tiene derecho, en cualquier momento, a presentar una reclamaci\u00f3n directamente ante la Autoridad Nacional de Protecci\u00f3n de Datos.<\/p><h2><span style=\"color: #333333;\"><strong>Cambios en la pol\u00edtica de privacidad<\/strong><\/span><\/h2><p>Nos reservamos el derecho a actualizar o modificar esta Pol\u00edtica en cualquier momento y sin previo aviso. No obstante, siempre publicaremos la nueva versi\u00f3n revisada en nuestro sitio web. Si se produce alg\u00fan cambio en la forma en que tratamos los datos personales, se le informar\u00e1 para que pueda comprobar si desea seguir utilizando nuestros servicios.<\/p>\t\t\t\t\t\t\t\t<\/div>\n\t\t\t\t<\/div>\n\t\t\t\t\t<\/div>\n\t\t\t\t<\/div>\n\t\t\t\t<\/div>","protected":false},"excerpt":{"rendered":"<p>Pol\u00edticas de Privacidade A presente Pol\u00edtica de Privacidade visa regular a utiliza\u00e7\u00e3o por voc\u00ea, usu\u00e1rio, de nossos servi\u00e7os pelo site. Atualizamos nossa pol\u00edtica de privacidade de acordo com a nova Lei Geral de Prote\u00e7\u00e3o de Dados (LGPD). Coletamos seus dados para oferecer uma experi\u00eancia personalizada de forma segura. O que \u00e9 a LGPD? A Lei [&hellip;]<\/p>\n","protected":false},"author":1,"featured_media":0,"parent":0,"menu_order":0,"comment_status":"closed","ping_status":"open","template":"","meta":{"_joinchat":[],"footnotes":""},"class_list":["post-3","page","type-page","status-publish","hentry"],"_links":{"self":[{"href":"https:\/\/minasmed.com.br\/es\/wp-json\/wp\/v2\/pages\/3","targetHints":{"allow":["GET"]}}],"collection":[{"href":"https:\/\/minasmed.com.br\/es\/wp-json\/wp\/v2\/pages"}],"about":[{"href":"https:\/\/minasmed.com.br\/es\/wp-json\/wp\/v2\/types\/page"}],"author":[{"embeddable":true,"href":"https:\/\/minasmed.com.br\/es\/wp-json\/wp\/v2\/users\/1"}],"replies":[{"embeddable":true,"href":"https:\/\/minasmed.com.br\/es\/wp-json\/wp\/v2\/comments?post=3"}],"version-history":[{"count":8,"href":"https:\/\/minasmed.com.br\/es\/wp-json\/wp\/v2\/pages\/3\/revisions"}],"predecessor-version":[{"id":981,"href":"https:\/\/minasmed.com.br\/es\/wp-json\/wp\/v2\/pages\/3\/revisions\/981"}],"wp:attachment":[{"href":"https:\/\/minasmed.com.br\/es\/wp-json\/wp\/v2\/media?parent=3"}],"curies":[{"name":"wp","href":"https:\/\/api.w.org\/{rel}","templated":true}]}}